{"id":947,"date":"2025-07-01T12:58:07","date_gmt":"2025-07-01T10:58:07","guid":{"rendered":"http:\/\/www.clinicamireiaespinosa.com\/luis-anton\/"},"modified":"2026-01-22T10:12:20","modified_gmt":"2026-01-22T09:12:20","slug":"luis-anton","status":"publish","type":"page","link":"https:\/\/www.clinicamireiaespinosa.com\/ca\/luis-anton\/","title":{"rendered":"Luis Ant\u00f3n"},"content":{"rendered":"\t\t<div data-elementor-type=\"wp-page\" data-elementor-id=\"947\" class=\"elementor elementor-947 elementor-585\" data-elementor-post-type=\"page\">\n\t\t\t\t<div class=\"elementor-element elementor-element-b16246b espsup espinf e-flex e-con-boxed e-con e-parent\" data-id=\"b16246b\" data-element_type=\"container\" data-e-type=\"container\" id=\"cabecera-doctora\">\n\t\t\t\t\t<div class=\"e-con-inner\">\n\t\t<div class=\"elementor-element elementor-element-b223385 e-con-full col1 e-flex e-con e-child\" data-id=\"b223385\" data-element_type=\"container\" data-e-type=\"container\">\n\t\t\t\t<div class=\"elementor-element elementor-element-edd5db1 elementor-widget elementor-widget-image\" data-id=\"edd5db1\" data-element_type=\"widget\" data-e-type=\"widget\" data-widget_type=\"image.default\">\n\t\t\t\t\t\t\t\t\t\t\t\t\t\t\t<img fetchpriority=\"high\" decoding=\"async\" width=\"600\" height=\"600\" src=\"https:\/\/www.clinicamireiaespinosa.com\/wp-content\/uploads\/2025\/07\/Clinica-Dental-ME-Barcelona-Equipo-Luis-Anton.jpg\" class=\"attachment-large size-large wp-image-921\" alt=\"Clinica Dental ME Barcelona - Equipo - Luis Anton\" srcset=\"https:\/\/www.clinicamireiaespinosa.com\/wp-content\/uploads\/2025\/07\/Clinica-Dental-ME-Barcelona-Equipo-Luis-Anton.jpg 600w, https:\/\/www.clinicamireiaespinosa.com\/wp-content\/uploads\/2025\/07\/Clinica-Dental-ME-Barcelona-Equipo-Luis-Anton-300x300.jpg 300w, https:\/\/www.clinicamireiaespinosa.com\/wp-content\/uploads\/2025\/07\/Clinica-Dental-ME-Barcelona-Equipo-Luis-Anton-150x150.jpg 150w\" sizes=\"(max-width: 600px) 100vw, 600px\" title=\"\">\t\t\t\t\t\t\t\t\t\t\t\t\t\t\t<\/div>\n\t\t\t\t<\/div>\n\t\t<div class=\"elementor-element elementor-element-5a43112 e-con-full col2 e-flex e-con e-child\" data-id=\"5a43112\" data-element_type=\"container\" data-e-type=\"container\">\n\t\t\t\t<div class=\"elementor-element elementor-element-6a6928b pretitulo elementor-widget elementor-widget-text-editor\" data-id=\"6a6928b\" data-element_type=\"widget\" data-e-type=\"widget\" data-widget_type=\"text-editor.default\">\n\t\t\t\t\t\t\t\t\t<p>\u00c0REA CL\u00cdNICA<\/p>\t\t\t\t\t\t\t\t<\/div>\n\t\t\t\t<div class=\"elementor-element elementor-element-73ea1ae elementor-widget elementor-widget-heading\" data-id=\"73ea1ae\" data-element_type=\"widget\" data-e-type=\"widget\" data-widget_type=\"heading.default\">\n\t\t\t\t\t<h1 class=\"elementor-heading-title elementor-size-default\">Luis Ant\u00f3n<\/h1>\t\t\t\t<\/div>\n\t\t\t\t<div class=\"elementor-element elementor-element-ae988e2 elementor-widget elementor-widget-text-editor\" data-id=\"ae988e2\" data-element_type=\"widget\" data-e-type=\"widget\" data-widget_type=\"text-editor.default\">\n\t\t\t\t\t\t\t\t\t<p>Atent i servicial. Sempre disposat a ajudar en tot all\u00f2 que pot. Amb la seva hospitalitat aconsegueix que els pacients se sentin com a casa.<\/p>\t\t\t\t\t\t\t\t<\/div>\n\t\t\t\t<\/div>\n\t\t\t\t\t<\/div>\n\t\t\t\t<\/div>\n\t\t<div class=\"elementor-element elementor-element-b6c14fe e-flex e-con-boxed e-con e-parent\" data-id=\"b6c14fe\" data-element_type=\"container\" data-e-type=\"container\" id=\"personal\" data-settings=\"{&quot;background_background&quot;:&quot;classic&quot;}\">\n\t\t\t\t\t<div class=\"e-con-inner\">\n\t\t\t\t<div class=\"elementor-element elementor-element-90f5714 elementor-widget elementor-widget-text-editor\" data-id=\"90f5714\" data-element_type=\"widget\" data-e-type=\"widget\" data-widget_type=\"text-editor.default\">\n\t\t\t\t\t\t\t\t\t<p>Li agrada la tranquil\u00b7litat que li aporta les passejades per la muntanya i aprofita sempre que pot fer una escapada amb bici. L&#8217;apassiona l&#8217;art i gaudeix anant amb la seva parella a veure exposicions d&#8217;art.<\/p>\t\t\t\t\t\t\t\t<\/div>\n\t\t\t\t\t<\/div>\n\t\t\t\t<\/div>\n\t\t<div class=\"elementor-element elementor-element-f3de68b espsup espinf e-flex e-con-boxed e-con e-parent\" data-id=\"f3de68b\" data-element_type=\"container\" data-e-type=\"container\" id=\"conoceme\">\n\t\t\t\t\t<div class=\"e-con-inner\">\n\t\t\t\t<div class=\"elementor-element elementor-element-85a2746 elementor-widget elementor-widget-heading\" data-id=\"85a2746\" data-element_type=\"widget\" data-e-type=\"widget\" data-widget_type=\"heading.default\">\n\t\t\t\t\t<h2 class=\"elementor-heading-title elementor-size-default\">Coneix-me millor<\/h2>\t\t\t\t<\/div>\n\t\t\t\t<div class=\"elementor-element elementor-element-06d1a33 elementor-icon-list--layout-traditional elementor-list-item-link-full_width elementor-widget elementor-widget-icon-list\" data-id=\"06d1a33\" data-element_type=\"widget\" data-e-type=\"widget\" data-widget_type=\"icon-list.default\">\n\t\t\t\t\t\t\t<ul class=\"elementor-icon-list-items\">\n\t\t\t\t\t\t\t<li class=\"elementor-icon-list-item\">\n\t\t\t\t\t\t\t\t\t\t\t<span class=\"elementor-icon-list-icon\">\n\t\t\t\t\t\t\t<svg aria-hidden=\"true\" class=\"e-font-icon-svg e-fas-check\" viewBox=\"0 0 512 512\" xmlns=\"http:\/\/www.w3.org\/2000\/svg\"><path d=\"M173.898 439.404l-166.4-166.4c-9.997-9.997-9.997-26.206 0-36.204l36.203-36.204c9.997-9.998 26.207-9.998 36.204 0L192 312.69 432.095 72.596c9.997-9.997 26.207-9.997 36.204 0l36.203 36.204c9.997 9.997 9.997 26.206 0 36.204l-294.4 294.401c-9.998 9.997-26.207 9.997-36.204-.001z\"><\/path><\/svg>\t\t\t\t\t\t<\/span>\n\t\t\t\t\t\t\t\t\t\t<span class=\"elementor-icon-list-text\">Auxiliar de Cl\u00ednica Dental, Campus Training 2010<\/span>\n\t\t\t\t\t\t\t\t\t<\/li>\n\t\t\t\t\t\t<\/ul>\n\t\t\t\t\t\t<\/div>\n\t\t\t\t\t<\/div>\n\t\t\t\t<\/div>\n\t\t\t\t<\/div>\n\t\t","protected":false},"excerpt":{"rendered":"<p>\u00c0REA CL\u00cdNICA Luis Ant\u00f3n Atent i servicial. Sempre disposat a ajudar en tot all\u00f2 que pot. Amb la seva hospitalitat [&hellip;]<\/p>\n","protected":false},"author":1,"featured_media":921,"parent":0,"menu_order":0,"comment_status":"closed","ping_status":"closed","template":"","meta":{"site-sidebar-layout":"no-sidebar","site-content-layout":"","ast-site-content-layout":"full-width-container","site-content-style":"default","site-sidebar-style":"default","ast-global-header-display":"","ast-banner-title-visibility":"","ast-main-header-display":"","ast-hfb-above-header-display":"","ast-hfb-below-header-display":"","ast-hfb-mobile-header-display":"","site-post-title":"disabled","ast-breadcrumbs-content":"","ast-featured-img":"disabled","footer-sml-layout":"","ast-disable-related-posts":"","theme-transparent-header-meta":"default","adv-header-id-meta":"","stick-header-meta":"default","header-above-stick-meta":"","header-main-stick-meta":"","header-below-stick-meta":"","astra-migrate-meta-layouts":"set","ast-page-background-enabled":"default","ast-page-background-meta":{"desktop":{"background-color":"var(--ast-global-color-5)","background-image":"","background-repeat":"repeat","background-position":"center center","background-size":"auto","background-attachment":"scroll","background-type":"","background-media":"","overlay-type":"","overlay-color":"","overlay-opacity":"","overlay-gradient":""},"tablet":{"background-color":"","background-image":"","background-repeat":"repeat","background-position":"center center","background-size":"auto","background-attachment":"scroll","background-type":"","background-media":"","overlay-type":"","overlay-color":"","overlay-opacity":"","overlay-gradient":""},"mobile":{"background-color":"","background-image":"","background-repeat":"repeat","background-position":"center center","background-size":"auto","background-attachment":"scroll","background-type":"","background-media":"","overlay-type":"","overlay-color":"","overlay-opacity":"","overlay-gradient":""}},"ast-content-background-meta":{"desktop":{"background-color":"var(--ast-global-color-4)","background-image":"","background-repeat":"repeat","background-position":"center center","background-size":"auto","background-attachment":"scroll","background-type":"","background-media":"","overlay-type":"","overlay-color":"","overlay-opacity":"","overlay-gradient":""},"tablet":{"background-color":"var(--ast-global-color-4)","background-image":"","background-repeat":"repeat","background-position":"center center","background-size":"auto","background-attachment":"scroll","background-type":"","background-media":"","overlay-type":"","overlay-color":"","overlay-opacity":"","overlay-gradient":""},"mobile":{"background-color":"var(--ast-global-color-4)","background-image":"","background-repeat":"repeat","background-position":"center center","background-size":"auto","background-attachment":"scroll","background-type":"","background-media":"","overlay-type":"","overlay-color":"","overlay-opacity":"","overlay-gradient":""}},"_mbp_gutenberg_autopost":false,"footnotes":""},"class_list":["post-947","page","type-page","status-publish","has-post-thumbnail","hentry"],"_links":{"self":[{"href":"https:\/\/www.clinicamireiaespinosa.com\/ca\/wp-json\/wp\/v2\/pages\/947","targetHints":{"allow":["GET"]}}],"collection":[{"href":"https:\/\/www.clinicamireiaespinosa.com\/ca\/wp-json\/wp\/v2\/pages"}],"about":[{"href":"https:\/\/www.clinicamireiaespinosa.com\/ca\/wp-json\/wp\/v2\/types\/page"}],"author":[{"embeddable":true,"href":"https:\/\/www.clinicamireiaespinosa.com\/ca\/wp-json\/wp\/v2\/users\/1"}],"replies":[{"embeddable":true,"href":"https:\/\/www.clinicamireiaespinosa.com\/ca\/wp-json\/wp\/v2\/comments?post=947"}],"version-history":[{"count":4,"href":"https:\/\/www.clinicamireiaespinosa.com\/ca\/wp-json\/wp\/v2\/pages\/947\/revisions"}],"predecessor-version":[{"id":3527,"href":"https:\/\/www.clinicamireiaespinosa.com\/ca\/wp-json\/wp\/v2\/pages\/947\/revisions\/3527"}],"wp:featuredmedia":[{"embeddable":true,"href":"https:\/\/www.clinicamireiaespinosa.com\/ca\/wp-json\/wp\/v2\/media\/921"}],"wp:attachment":[{"href":"https:\/\/www.clinicamireiaespinosa.com\/ca\/wp-json\/wp\/v2\/media?parent=947"}],"curies":[{"name":"wp","href":"https:\/\/api.w.org\/{rel}","templated":true}]}}