{"id":1090,"date":"2025-03-28T12:53:12","date_gmt":"2025-03-28T11:53:12","guid":{"rendered":"http:\/\/www.clinicamireiaespinosa.com\/politica-de-privacidad\/"},"modified":"2025-12-05T13:57:38","modified_gmt":"2025-12-05T12:57:38","slug":"politica-de-privacitat","status":"publish","type":"page","link":"https:\/\/www.clinicamireiaespinosa.com\/ca\/politica-de-privacitat\/","title":{"rendered":"Pol\u00edtica de Privacitat"},"content":{"rendered":"\t\t<div data-elementor-type=\"wp-page\" data-elementor-id=\"1090\" class=\"elementor elementor-1090 elementor-17\" data-elementor-post-type=\"page\">\n\t\t\t\t<div class=\"elementor-element elementor-element-628679b titulo e-flex e-con-boxed e-con e-parent\" data-id=\"628679b\" data-element_type=\"container\" data-e-type=\"container\" data-settings=\"{&quot;background_background&quot;:&quot;classic&quot;}\">\n\t\t\t\t\t<div class=\"e-con-inner\">\n\t\t\t\t<div class=\"elementor-element elementor-element-6b68c23 elementor-widget elementor-widget-heading\" data-id=\"6b68c23\" data-element_type=\"widget\" data-e-type=\"widget\" data-widget_type=\"heading.default\">\n\t\t\t\t\t<h1 class=\"elementor-heading-title elementor-size-default\">Pol\u00edtica de Privacitat<\/h1>\t\t\t\t<\/div>\n\t\t\t\t\t<\/div>\n\t\t\t\t<\/div>\n\t\t<div class=\"elementor-element elementor-element-3d5519a espsup espinf e-flex e-con-boxed e-con e-parent\" data-id=\"3d5519a\" data-element_type=\"container\" data-e-type=\"container\" id=\"contenido-legal\">\n\t\t\t\t\t<div class=\"e-con-inner\">\n\t\t\t\t<div class=\"elementor-element elementor-element-c73f1c8 elementor-widget elementor-widget-text-editor\" data-id=\"c73f1c8\" data-element_type=\"widget\" data-e-type=\"widget\" data-widget_type=\"text-editor.default\">\n\t\t\t\t\t\t\t\t\t<p>CLINICA DENTAL DRA MIREIA ESPINOSA SL, en aplicaci\u00f3 de la normativa vigent en mat\u00e8ria de protecci\u00f3 de dades de car\u00e0cter personal, informa que les dades personals que es recullen a trav\u00e9s dels formularis del Lloc web: <a href=\"http:\/\/www.clinicamireiaespinosa.com\/\">www.clinicamireiaespinosa.com<\/a>, s&#8217;inclouen en els fitxers automatitzats espec\u00edfics d&#8217;usuaris dels serveis de <a href=\"http:\/\/www.clinicamireiaespinosa.com\/\">www.clinicamireiaespinosa.com<\/a><\/p><p>La recollida i tractament automatitzat de les dades de car\u00e0cter personal t\u00e9 com a finalitat el manteniment de la relaci\u00f3 comercial i l&#8217; acompliment de tasques d&#8217; informaci\u00f3, assessorament i altres activitats indicades tant en la present pol\u00edtica com en qualsevol dels formularis publicats en aquest Lloc. Aquestes dades \u00fanicament seran cedides a aquelles entitats que siguin necess\u00e0ries amb l&#8217; \u00fanic objectiu de donar compliment a la finalitat anteriorment exposada.<\/p><p>CLINICA DENTAL DRA MIREIA ESPINOSA SL adopta les mesures necess\u00e0ries per garantir la seguretat, integritat i confidencialitat de les dades conforme al que disposa el Reglament (UE) 2016\/679 del Parlament Europeu i del Consell, de 27 d&#8217;abril de 2016, relatiu a la protecci\u00f3 de les persones f\u00edsiques pel que fa al tractament de dades personals i a la lliure circulaci\u00f3 dels mateixos.<\/p><p>L&#8217;usuari podr\u00e0 en qualsevol moment exercitar els drets d&#8217;acc\u00e9s, oposici\u00f3, rectificaci\u00f3 i cancel\u00b7laci\u00f3 reconeguts en l&#8217;esmentat Reglament (UE). L&#8217; exercici d&#8217; aquests drets pot realitzar-lo el propi usuari a trav\u00e9s d&#8217; email a: <a href=\"mailto:consultas@clinicamireiaespinosa.com\">consultas@clinicamireiaespinosa.com<\/a> o en l&#8217; adre\u00e7a: Gran Via les Corts Catalanes 535 2N, 4t. 08011 Barcelona.<\/p><p>L&#8217;usuari manifesta que totes les dades facilitades per ell s\u00f3n certes i correctes, i es compromet a mantenir-les actualitzades, comunicant els canvis a <a href=\"mailto:consultas@clinicamireiaespinosa.com\">consultas@clinicamireiaespinosa.com<\/a><\/p><h2>Finalitat del tractament de les dades personals<\/h2><h3>Amb quina finalitat tractarem les teves dades personals?<\/h3><p>En CLINICA DENTAL DRA MIREIA ESPINOSA SL, tractarem les teves dades personals recaptades a trav\u00e9s del Lloc Web: <a href=\"http:\/\/www.clinicamireiaespinosa.com\/\">www.clinicamireiaespinosa.com<\/a>, amb les seg\u00fcents finalitats:<\/p><ol><li>En cas de contractaci\u00f3 dels b\u00e9ns i serveis oferts a trav\u00e9s de <a href=\"http:\/\/www.clinicamireiaespinosa.com\/\">www.clinicamireiaespinosa.com<\/a>, per mantenir la relaci\u00f3 contractual, aix\u00ed com la gesti\u00f3, administraci\u00f3, informaci\u00f3, prestaci\u00f3 i millora del servei.<\/li><li>Tramesa d&#8217;informaci\u00f3 sol\u00b7licitada a trav\u00e9s dels formularis disposats en <a href=\"http:\/\/www.clinicamireiaespinosa.com\/\">www.clinicamireiaespinosa.com<\/a><\/li><\/ol><p>Et recordem que pots oposar-te a l&#8217;enviament de comunicacions comercials per qualsevol via i en qualsevol moment, remetent un correu electr\u00f2nic a l&#8217;adre\u00e7a indicada anteriorment.<\/p><p>Els camps d&#8217; aquests registres s\u00f3n d&#8217; emplenament obligatori, essent impossible realitzar les finalitats expressades si no s&#8217; aporten aquestes dades.<\/p><h3>Per quant temps es conserven les dades personals recaptades?<\/h3><p>Les dades personals proporcionades es conservaran mentre es mantingui la relaci\u00f3 comercial o no demanin la seva supressi\u00f3 i durant el termini pel qual poguessin derivar-se responsabilitats legals pels serveis prestats.<\/p><h3>Legitimaci\u00f3<\/h3><p>El tractament de les teves dades es realitza amb les seg\u00fcents bases jur\u00eddiques que legitimen el mateix:<\/p><ol><li>La sol\u00b7licitud d&#8217;informaci\u00f3 i\/o la contractaci\u00f3 dels serveis de <a href=\"http:\/\/www.clinicamireiaespinosa.com\/\">www.clinicamireiaespinosa.com<\/a>, els termes i condicions dels quals es posaran a la teva disposici\u00f3 en tot cas, de forma pr\u00e8via a una eventual contractaci\u00f3.<\/li><li>El consentiment lliure, espec\u00edfic, informat i inequ\u00edvoc, en tant que t&#8217;informem posant a la teva disposici\u00f3 la present pol\u00edtica de privacitat, que despr\u00e9s de la lectura de la mateixa, en cas d&#8217;estar conforme, pots acceptar mitjan\u00e7ant una declaraci\u00f3 o una clara acci\u00f3 afirmativa, com el marcat d&#8217;una casella disposada a l&#8217;efecte.<\/li><li>En cas que no ens facilitis les teves dades o ho facis de forma err\u00f2nia o incompleta, no podrem atendre la teva sol\u00b7licitud, resultant del tot impossible proporcionar-te la informaci\u00f3 sol\u00b7licitada o dur a terme la contractaci\u00f3 dels serveis.<\/li><\/ol><h3>Destinataris<\/h3><p>Les dades no es comunicaran a cap tercer ali\u00e8 a <a href=\"http:\/\/www.clinicamireiaespinosa.com\/\">www.clinicamireiaespinosa.com, llevat d&#8217;obligaci\u00f3<\/a> legal.<\/p><h3>Dades recopilades per usuaris dels serveis<\/h3><p>En els casos en qu\u00e8 l&#8217; usuari inclogui fitxers amb dades de car\u00e0cter personal en els servidors d&#8217; allotjament compartit, CLINICA DENTAL DRA MIREIA ESPINOSA SL no es fa responsable de l&#8217; incompliment per part de l&#8217; usuari del RGPD.<\/p><h3>Retenci\u00f3 de dades de conformitat a la LSSI<\/h3><p>CLINICA DENTAL DRA MIREIA ESPINOSA SL informa que, com a prestador de servei d&#8217;allotjament de dades i en virtut del que estableix la Llei 34\/2002 d&#8217;11 de juliol de Serveis de la Societat de la Informaci\u00f3 i de Comer\u00e7 Electr\u00f2nic (LSSI), ret\u00e9 per un per\u00edode m\u00e0xim de 12 mesos la informaci\u00f3 imprescindible per identificar l&#8217;origen de les dades allotjades i el moment en qu\u00e8 es va iniciar la prestaci\u00f3 del servei. La retenci\u00f3 d&#8217;aquestes dades no afecta el secret de les comunicacions i nom\u00e9s podran ser utilitzades en el marc d&#8217;una investigaci\u00f3 criminal o per a la salvaguarda de la seguretat p\u00fablica, posant-se a disposici\u00f3 dels jutges i\/o tribunals o del Ministeri que aix\u00ed els requereixi.<\/p><p>La comunicaci\u00f3 de dades a les Forces i Cossos de l&#8217; Estat es far\u00e0 en virtut del que disposa la normativa sobre protecci\u00f3 de dades personals.<\/p><h3>Drets de propietat intel\u00b7lectual<\/h3><p>CLINICA DENTAL DRA MIREIA ESPINOSA SL \u00e9s titular de tots els drets d&#8217;autor, propietat intel\u00b7lectual, industrial, &#8220;know how&#8221; i quants altres drets guarden relaci\u00f3 amb els continguts del lloc web <a href=\"http:\/\/www.clinicamireiaespinosa.com\/\">www.clinicamireiaespinosa.com<\/a> i els serveis oferts en el mateix, aix\u00ed com dels programes necessaris per a la seva implementaci\u00f3 i la informaci\u00f3 relacionada.<\/p><p>No es permet la reproducci\u00f3, publicaci\u00f3 i\/o \u00fas no estrictament privat dels continguts, totals o parcials, del lloc web CLINICA DENTAL DRA MIREIA ESPINOSA SL sense el consentiment previ i per escrit.<\/p><h3>Propietat intel\u00b7lectual dels continguts allotjats<\/h3><p>Es prohibeix l&#8217;\u00fas contrari a la legislaci\u00f3 sobre propietat intel\u00b7lectual dels serveis prestats per CLINICA DENTAL DRA MIREIA ESPINOSA SL i, en particular de:<\/p><ul><li>La utilitzaci\u00f3 que resulti contr\u00e0ria a les lleis espanyoles o que infringeixi els drets de tercers.<\/li><li>La publicaci\u00f3 o la transmissi\u00f3 de qualsevol contingut que, segons el parer de CLINICA DENTAL DRA MIREIA ESPINOSA SL resulti violent, obsc\u00e8, abusiu, il\u00b7legal, racial, xen\u00f2fob o difamatori.<\/li><li>Els cracs, n\u00fameros de s\u00e8rie de programes o qualsevol altre contingut que vulneri drets de la propietat intel\u00b7lectual de tercers.<\/li><li>La recollida i\/o utilitzaci\u00f3 de dades personals d&#8217;altres usuaris sense el seu consentiment expr\u00e9s o contravenint el que disposa El Reglament (UE) 2016\/679 del Parlament Europeu i del Consell, de 27 d&#8217;abril de 2016, relatiu a la protecci\u00f3 de les persones f\u00edsiques pel que fa al tractament de dades personals i a la lliure circulaci\u00f3 dels mateixos.<\/li><li>La utilitzaci\u00f3 del servidor de correu del domini i de les adreces de correu electr\u00f2nic per a l&#8217; enviament de correu massiu no desitjat.<\/li><\/ul><p>L&#8217;usuari t\u00e9 tota la responsabilitat sobre el contingut del seu web, la informaci\u00f3 transmesa i emmagatzemada, els enlla\u00e7os d&#8217;hipertext, les reivindicacions de tercers i les accions legals en refer\u00e8ncia a propietat intel\u00b7lectual.<\/p><h3>Drets de tercers i protecci\u00f3 de menors<\/h3><p>L&#8217;usuari \u00e9s responsable respecte a les lleis i reglaments en vigor i les regles que tenen a veure amb el funcionament del servei online, comer\u00e7 electr\u00f2nic, drets d&#8217;autor, manteniment de l&#8217;ordre p\u00fablic, aix\u00ed com principis universals d&#8217;\u00fas d&#8217;Internet.<\/p><p>L&#8217;usuari indemnitzar\u00e0 CLINICA DENTAL DRA MIREIA ESPINOSA SL per les despeses que gener\u00e9s la imputaci\u00f3 en alguna causa la responsabilitat de la qual fos atribu\u00efble a l&#8217;usuari, inclosos honoraris i despeses de defensa jur\u00eddica, fins i tot en el cas d&#8217;una decisi\u00f3 judicial no definitiva.<\/p><h3>Protecci\u00f3 de la informaci\u00f3 allotjada<\/h3><p>CLINICA DENTAL DRA MIREIA ESPINOSA SL realitza c\u00f2pies de seguretat dels continguts allotjats en els seus servidors, per\u00f2, no es responsabilitza de la p\u00e8rdua o l&#8217;esborrat accidental de les dades per part dels usuaris. D&#8217;igual manera, no garanteix la reposici\u00f3 total de les dades esborrades pels usuaris, ja que les esmentades dades podrien haver estat suprimides i\/o modificades durant el per\u00edode del temps transcorregut des de l&#8217;\u00faltima c\u00f2pia de seguretat.<\/p><p>Els serveis oferts, excepte els serveis espec\u00edfics de backup, no inclouen la reposici\u00f3 dels continguts conservats en les c\u00f2pies de seguretat realitzades per CLINICA DENTAL DRA MIREIA ESPINOSA SL, quan aquesta p\u00e8rdua sigui imputable a l&#8217; usuari; en aquest cas, es determinar\u00e0 una tarifa d&#8217; acord amb la complexitat i volum de la recuperaci\u00f3, sempre pr\u00e8via acceptaci\u00f3 de l&#8217; usuari.<\/p><p>La reposici\u00f3 de dades esborrades nom\u00e9s est\u00e0 inclosa en el preu del servei quan la p\u00e8rdua del contingut sigui deguda a causes atribu\u00efbles a CLINICA DENTAL DRA MIREIA ESPINOSA SL<\/p><h3>Comunicacions comercials<\/h3><p>En aplicaci\u00f3 de la LSSI. CLINICA DENTAL DRA MIREIA ESPINOSA SL no enviar\u00e0 comunicacions publicit\u00e0ries o promocionals per correu electr\u00f2nic o un altre mitj\u00e0 de comunicaci\u00f3 electr\u00f2nica equivalent que pr\u00e8viament no haguessin estat demanades o expressament autoritzades pels destinataris de les mateixes.<\/p><p>En el cas d&#8217;usuaris amb els quals existeixi una relaci\u00f3 contractual pr\u00e8via, CLINICA DENTAL DRA MIREIA ESPINOSA SL s\u00ed que est\u00e0 autoritzat a l&#8217;enviament de comunicacions comercials referents a productes o serveis de <a href=\"http:\/\/www.clinicamireiaespinosa.com\/\">www.clinicamireiaespinosa.com<\/a> que siguin similars als que inicialment van ser objecte de contractaci\u00f3 amb el client.<\/p><p>En tot cas, l&#8217;usuari, despr\u00e9s d&#8217;acreditar la seva identitat, podr\u00e0 sol\u00b7licitar que no se li faci arribar m\u00e9s informaci\u00f3 comercial a trav\u00e9s dels canals d&#8217;Atenci\u00f3 al Client.<\/p>\t\t\t\t\t\t\t\t<\/div>\n\t\t\t\t\t<\/div>\n\t\t\t\t<\/div>\n\t\t\t\t<\/div>\n\t\t","protected":false},"excerpt":{"rendered":"<p>Pol\u00edtica de Privacitat CLINICA DENTAL DRA MIREIA ESPINOSA SL, en aplicaci\u00f3 de la normativa vigent en mat\u00e8ria de protecci\u00f3 de [&hellip;]<\/p>\n","protected":false},"author":1,"featured_media":0,"parent":0,"menu_order":0,"comment_status":"closed","ping_status":"closed","template":"elementor_header_footer","meta":{"site-sidebar-layout":"no-sidebar","site-content-layout":"","ast-site-content-layout":"full-width-container","site-content-style":"default","site-sidebar-style":"default","ast-global-header-display":"","ast-banner-title-visibility":"","ast-main-header-display":"","ast-hfb-above-header-display":"","ast-hfb-below-header-display":"","ast-hfb-mobile-header-display":"","site-post-title":"disabled","ast-breadcrumbs-content":"","ast-featured-img":"disabled","footer-sml-layout":"","ast-disable-related-posts":"","theme-transparent-header-meta":"default","adv-header-id-meta":"","stick-header-meta":"","header-above-stick-meta":"","header-main-stick-meta":"","header-below-stick-meta":"","astra-migrate-meta-layouts":"set","ast-page-background-enabled":"default","ast-page-background-meta":{"desktop":{"background-color":"var(--ast-global-color-5)","background-image":"","background-repeat":"repeat","background-position":"center center","background-size":"auto","background-attachment":"scroll","background-type":"","background-media":"","overlay-type":"","overlay-color":"","overlay-opacity":"","overlay-gradient":""},"tablet":{"background-color":"","background-image":"","background-repeat":"repeat","background-position":"center center","background-size":"auto","background-attachment":"scroll","background-type":"","background-media":"","overlay-type":"","overlay-color":"","overlay-opacity":"","overlay-gradient":""},"mobile":{"background-color":"","background-image":"","background-repeat":"repeat","background-position":"center center","background-size":"auto","background-attachment":"scroll","background-type":"","background-media":"","overlay-type":"","overlay-color":"","overlay-opacity":"","overlay-gradient":""}},"ast-content-background-meta":{"desktop":{"background-color":"var(--ast-global-color-4)","background-image":"","background-repeat":"repeat","background-position":"center center","background-size":"auto","background-attachment":"scroll","background-type":"","background-media":"","overlay-type":"","overlay-color":"","overlay-opacity":"","overlay-gradient":""},"tablet":{"background-color":"var(--ast-global-color-4)","background-image":"","background-repeat":"repeat","background-position":"center center","background-size":"auto","background-attachment":"scroll","background-type":"","background-media":"","overlay-type":"","overlay-color":"","overlay-opacity":"","overlay-gradient":""},"mobile":{"background-color":"var(--ast-global-color-4)","background-image":"","background-repeat":"repeat","background-position":"center center","background-size":"auto","background-attachment":"scroll","background-type":"","background-media":"","overlay-type":"","overlay-color":"","overlay-opacity":"","overlay-gradient":""}},"_mbp_gutenberg_autopost":false,"footnotes":""},"class_list":["post-1090","page","type-page","status-publish","hentry"],"_links":{"self":[{"href":"https:\/\/www.clinicamireiaespinosa.com\/ca\/wp-json\/wp\/v2\/pages\/1090","targetHints":{"allow":["GET"]}}],"collection":[{"href":"https:\/\/www.clinicamireiaespinosa.com\/ca\/wp-json\/wp\/v2\/pages"}],"about":[{"href":"https:\/\/www.clinicamireiaespinosa.com\/ca\/wp-json\/wp\/v2\/types\/page"}],"author":[{"embeddable":true,"href":"https:\/\/www.clinicamireiaespinosa.com\/ca\/wp-json\/wp\/v2\/users\/1"}],"replies":[{"embeddable":true,"href":"https:\/\/www.clinicamireiaespinosa.com\/ca\/wp-json\/wp\/v2\/comments?post=1090"}],"version-history":[{"count":1,"href":"https:\/\/www.clinicamireiaespinosa.com\/ca\/wp-json\/wp\/v2\/pages\/1090\/revisions"}],"predecessor-version":[{"id":3085,"href":"https:\/\/www.clinicamireiaespinosa.com\/ca\/wp-json\/wp\/v2\/pages\/1090\/revisions\/3085"}],"wp:attachment":[{"href":"https:\/\/www.clinicamireiaespinosa.com\/ca\/wp-json\/wp\/v2\/media?parent=1090"}],"curies":[{"name":"wp","href":"https:\/\/api.w.org\/{rel}","templated":true}]}}